{"id":4662,"date":"2025-12-08T01:13:47","date_gmt":"2025-12-08T01:13:47","guid":{"rendered":"https:\/\/groupwds.com\/?page_id=4662"},"modified":"2026-02-08T01:31:23","modified_gmt":"2026-02-08T01:31:23","slug":"proximo-proyectos","status":"publish","type":"page","link":"https:\/\/groupwds.com\/en\/proximo-proyectos\/","title":{"rendered":"Pr\u00f3ximo Proyectos"},"content":{"rendered":"<div data-elementor-type=\"wp-page\" data-elementor-id=\"4662\" class=\"elementor elementor-4662\" data-elementor-post-type=\"page\">\n\t\t\t\t<div class=\"elementor-element elementor-element-7ce7df4 e-flex e-con-boxed e-con e-parent\" data-id=\"7ce7df4\" data-element_type=\"container\" data-e-type=\"container\">\n\t\t\t\t\t<div class=\"e-con-inner\">\n\t\t\t\t<div class=\"elementor-element elementor-element-57c1ebc elementor-widget elementor-widget-spacer\" data-id=\"57c1ebc\" data-element_type=\"widget\" data-e-type=\"widget\" data-widget_type=\"spacer.default\">\n\t\t\t\t<div class=\"elementor-widget-container\">\n\t\t\t\t\t\t\t<div class=\"elementor-spacer\">\n\t\t\t<div class=\"elementor-spacer-inner\"><\/div>\n\t\t<\/div>\n\t\t\t\t\t\t<\/div>\n\t\t\t\t<\/div>\n\t\t\t\t\t<\/div>\n\t\t\t\t<\/div>\n\t\t<div class=\"elementor-element elementor-element-011c505 e-flex e-con-boxed e-con e-parent\" data-id=\"011c505\" data-element_type=\"container\" data-e-type=\"container\">\n\t\t\t\t\t<div class=\"e-con-inner\">\n\t\t\t\t<div class=\"elementor-element elementor-element-0d9f03b elementor-widget elementor-widget-heading\" data-id=\"0d9f03b\" data-element_type=\"widget\" data-e-type=\"widget\" data-widget_type=\"heading.default\">\n\t\t\t\t<div class=\"elementor-widget-container\">\n\t\t\t\t\t<h2 class=\"elementor-heading-title elementor-size-default\">Nuestro Pr\u00f3ximo Proyecto<\/h2>\t\t\t\t<\/div>\n\t\t\t\t<\/div>\n\t\t\t\t\t<\/div>\n\t\t\t\t<\/div>\n\t\t<div class=\"elementor-element elementor-element-e8cb0a2 e-flex e-con-boxed e-con e-parent\" data-id=\"e8cb0a2\" data-element_type=\"container\" data-e-type=\"container\">\n\t\t\t\t\t<div class=\"e-con-inner\">\n\t\t\t\t<div class=\"elementor-element elementor-element-318a59a elementor-widget-divider--view-line elementor-widget elementor-widget-divider\" data-id=\"318a59a\" data-element_type=\"widget\" data-e-type=\"widget\" data-widget_type=\"divider.default\">\n\t\t\t\t<div class=\"elementor-widget-container\">\n\t\t\t\t\t\t\t<div class=\"elementor-divider\">\n\t\t\t<span class=\"elementor-divider-separator\">\n\t\t\t\t\t\t<\/span>\n\t\t<\/div>\n\t\t\t\t\t\t<\/div>\n\t\t\t\t<\/div>\n\t\t\t\t\t<\/div>\n\t\t\t\t<\/div>\n\t\t<div class=\"elementor-element elementor-element-e2e1dc8 e-flex e-con-boxed e-con e-parent\" data-id=\"e2e1dc8\" data-element_type=\"container\" data-e-type=\"container\">\n\t\t\t\t\t<div class=\"e-con-inner\">\n\t\t\t\t<div class=\"elementor-element elementor-element-3b4f59e elementor-widget elementor-widget-image\" data-id=\"3b4f59e\" data-element_type=\"widget\" data-e-type=\"widget\" data-widget_type=\"image.default\">\n\t\t\t\t<div class=\"elementor-widget-container\">\n\t\t\t\t\t\t\t\t\t\t\t\t\t\t\t<img fetchpriority=\"high\" decoding=\"async\" width=\"1024\" height=\"521\" src=\"https:\/\/groupwds.com\/wp-content\/uploads\/2025\/11\/Gemini_Generated_Image_x1up2hx1up2hx1up-1024x521.webp\" class=\"attachment-large size-large wp-image-4421\" alt=\"gemini generated image x1up2hx1up2hx1up\" srcset=\"https:\/\/groupwds.com\/wp-content\/uploads\/2025\/11\/Gemini_Generated_Image_x1up2hx1up2hx1up-1024x521.webp 1024w, https:\/\/groupwds.com\/wp-content\/uploads\/2025\/11\/Gemini_Generated_Image_x1up2hx1up2hx1up-300x153.webp 300w, https:\/\/groupwds.com\/wp-content\/uploads\/2025\/11\/Gemini_Generated_Image_x1up2hx1up2hx1up-768x391.webp 768w, https:\/\/groupwds.com\/wp-content\/uploads\/2025\/11\/Gemini_Generated_Image_x1up2hx1up2hx1up-18x9.webp 18w, https:\/\/groupwds.com\/wp-content\/uploads\/2025\/11\/Gemini_Generated_Image_x1up2hx1up2hx1up.webp 1384w\" sizes=\"(max-width: 1024px) 100vw, 1024px\" title=\"Pr\u00f3ximo Proyectos\">\t\t\t\t\t\t\t\t\t\t\t\t\t\t\t<\/div>\n\t\t\t\t<\/div>\n\t\t\t\t\t<\/div>\n\t\t\t\t<\/div>\n\t\t<div class=\"elementor-element elementor-element-515d3da e-flex e-con-boxed e-con e-parent\" data-id=\"515d3da\" data-element_type=\"container\" data-e-type=\"container\">\n\t\t\t\t\t<div class=\"e-con-inner\">\n\t\t\t\t<div class=\"elementor-element elementor-element-3570dd0 elementor-widget elementor-widget-spacer\" data-id=\"3570dd0\" data-element_type=\"widget\" data-e-type=\"widget\" data-widget_type=\"spacer.default\">\n\t\t\t\t<div class=\"elementor-widget-container\">\n\t\t\t\t\t\t\t<div class=\"elementor-spacer\">\n\t\t\t<div class=\"elementor-spacer-inner\"><\/div>\n\t\t<\/div>\n\t\t\t\t\t\t<\/div>\n\t\t\t\t<\/div>\n\t\t\t\t\t<\/div>\n\t\t\t\t<\/div>\n\t\t<div class=\"elementor-element elementor-element-140bcf2 e-con-full e-flex e-con e-parent\" data-id=\"140bcf2\" data-element_type=\"container\" data-e-type=\"container\">\n\t\t\t\t<div class=\"elementor-element elementor-element-577f15f elementor-widget elementor-widget-text-editor\" data-id=\"577f15f\" data-element_type=\"widget\" data-e-type=\"widget\" data-widget_type=\"text-editor.default\">\n\t\t\t\t<div class=\"elementor-widget-container\">\n\t\t\t\t\t\t\t\t\t<p data-start=\"253\" data-end=\"428\">In <strong data-start=\"256\" data-end=\"268\">GROUPWDS<\/strong> estamos dando el siguiente paso en innovaci\u00f3n digital con el lanzamiento de nuestro pr\u00f3ximo proyecto: <strong data-start=\"371\" data-end=\"427\">Landing Pages profesionales dise\u00f1adas para convertir<\/strong>.<\/p><p data-start=\"430\" data-end=\"711\">Hoy, tener presencia online no es suficiente. Las marcas necesitan p\u00e1ginas r\u00e1pidas, claras y enfocadas en resultados. Por eso desarrollamos un sistema de <strong data-start=\"584\" data-end=\"614\">landing pages estrat\u00e9gicas<\/strong>, optimizadas para captar la atenci\u00f3n, transmitir valor y transformar visitas en clientes reales.<\/p><p data-start=\"713\" data-end=\"1128\">Nuestro objetivo es crear <strong data-start=\"739\" data-end=\"766\">p\u00e1ginas de alto impacto<\/strong>, con un dise\u00f1o moderno, mensajes directos y una estructura pensada para guiar al usuario hacia una acci\u00f3n espec\u00edfica: comprar, reservar, contactarse o solicitar un servicio. Cada landing page est\u00e1 construida con criterios de usabilidad, velocidad de carga, experiencia de usuario y t\u00e9cnicas de marketing digital que potencian los resultados desde el primer d\u00eda.<\/p><p data-start=\"1130\" data-end=\"1323\">Con este proyecto buscamos que emprendedores, profesionales y empresas puedan <strong data-start=\"1208\" data-end=\"1322\">impulsar sus ventas, promocionar sus productos y lanzar campa\u00f1as publicitarias con presencia s\u00f3lida y efectiva<\/strong>.<\/p>\t\t\t\t\t\t\t\t<\/div>\n\t\t\t\t<\/div>\n\t\t\t\t<\/div>\n\t\t<div class=\"elementor-element elementor-element-c396359 e-flex e-con-boxed e-con e-parent\" data-id=\"c396359\" data-element_type=\"container\" data-e-type=\"container\">\n\t\t\t\t\t<div class=\"e-con-inner\">\n\t\t\t\t\t<\/div>\n\t\t\t\t<\/div>\n\t\t\t\t<\/div>","protected":false},"excerpt":{"rendered":"<p>Nuestro Pr\u00f3ximo Proyecto En GROUPWDS estamos dando el siguiente paso en innovaci\u00f3n digital con el lanzamiento de nuestro pr\u00f3ximo proyecto: Landing Pages profesionales dise\u00f1adas para convertir. Hoy, tener presencia online no es suficiente. Las marcas necesitan p\u00e1ginas r\u00e1pidas, claras y enfocadas en resultados. Por eso desarrollamos un sistema de landing pages estrat\u00e9gicas, optimizadas para captar [&hellip;]<\/p>\n","protected":false},"author":1,"featured_media":0,"parent":0,"menu_order":0,"comment_status":"closed","ping_status":"closed","template":"","meta":{"site-sidebar-layout":"no-sidebar","site-content-layout":"page-builder","ast-site-content-layout":"full-width-container","site-content-style":"default","site-sidebar-style":"default","ast-global-header-display":"","ast-banner-title-visibility":"","ast-main-header-display":"","ast-hfb-above-header-display":"","ast-hfb-below-header-display":"","ast-hfb-mobile-header-display":"","site-post-title":"disabled","ast-breadcrumbs-content":"","ast-featured-img":"disabled","footer-sml-layout":"","ast-disable-related-posts":"","theme-transparent-header-meta":"","adv-header-id-meta":"","stick-header-meta":"","header-above-stick-meta":"","header-main-stick-meta":"","header-below-stick-meta":"","astra-migrate-meta-layouts":"set","ast-page-background-enabled":"default","ast-page-background-meta":{"desktop":{"background-color":"","background-image":"","background-repeat":"repeat","background-position":"center center","background-size":"auto","background-attachment":"scroll","background-type":"","background-media":"","overlay-type":"","overlay-color":"","overlay-opacity":"","overlay-gradient":""},"tablet":{"background-color":"","background-image":"","background-repeat":"repeat","background-position":"center center","background-size":"auto","background-attachment":"scroll","background-type":"","background-media":"","overlay-type":"","overlay-color":"","overlay-opacity":"","overlay-gradient":""},"mobile":{"background-color":"","background-image":"","background-repeat":"repeat","background-position":"center center","background-size":"auto","background-attachment":"scroll","background-type":"","background-media":"","overlay-type":"","overlay-color":"","overlay-opacity":"","overlay-gradient":""}},"ast-content-background-meta":{"desktop":{"background-color":"var(--ast-global-color-5)","background-image":"","background-repeat":"repeat","background-position":"center center","background-size":"auto","background-attachment":"scroll","background-type":"","background-media":"","overlay-type":"","overlay-color":"","overlay-opacity":"","overlay-gradient":""},"tablet":{"background-color":"var(--ast-global-color-5)","background-image":"","background-repeat":"repeat","background-position":"center center","background-size":"auto","background-attachment":"scroll","background-type":"","background-media":"","overlay-type":"","overlay-color":"","overlay-opacity":"","overlay-gradient":""},"mobile":{"background-color":"var(--ast-global-color-5)","background-image":"","background-repeat":"repeat","background-position":"center center","background-size":"auto","background-attachment":"scroll","background-type":"","background-media":"","overlay-type":"","overlay-color":"","overlay-opacity":"","overlay-gradient":""}},"footnotes":""},"class_list":["post-4662","page","type-page","status-publish","hentry"],"yoast_head":"<!-- This site is optimized with the Yoast SEO plugin v27.2 - https:\/\/yoast.com\/product\/yoast-seo-wordpress\/ -->\n<title>Pr\u00f3ximo Proyectos - GroupWDS<\/title>\n<meta name=\"description\" content=\"Compartimos los pr\u00f3ximos proyectos en los que estamos trabajando. Nuevas ideas, desarrollos digitales y soluciones creativas pensadas para seguir potenciando marcas y negocios en el entorno digital.\" \/>\n<meta name=\"robots\" content=\"index, follow, max-snippet:-1, max-image-preview:large, max-video-preview:-1\" \/>\n<link rel=\"canonical\" href=\"https:\/\/groupwds.com\/en\/proximo-proyectos\/\" \/>\n<meta property=\"og:locale\" content=\"en_US\" \/>\n<meta property=\"og:type\" content=\"article\" \/>\n<meta property=\"og:title\" content=\"Pr\u00f3ximo Proyectos - GroupWDS\" \/>\n<meta property=\"og:description\" content=\"Compartimos los pr\u00f3ximos proyectos en los que estamos trabajando. Nuevas ideas, desarrollos digitales y soluciones creativas pensadas para seguir potenciando marcas y negocios en el entorno digital.\" \/>\n<meta property=\"og:url\" content=\"https:\/\/groupwds.com\/en\/proximo-proyectos\/\" \/>\n<meta property=\"og:site_name\" content=\"GroupWDS\" \/>\n<meta property=\"article:publisher\" content=\"https:\/\/www.facebook.com\/people\/Groupwds\/61580548362219\/\" \/>\n<meta property=\"article:modified_time\" content=\"2026-02-08T01:31:23+00:00\" \/>\n<meta property=\"og:image\" content=\"https:\/\/groupwds.com\/wp-content\/uploads\/2025\/11\/Gemini_Generated_Image_x1up2hx1up2hx1up-1024x521.webp\" \/>\n<meta name=\"twitter:card\" content=\"summary_large_image\" \/>\n<meta name=\"twitter:label1\" content=\"Est. reading time\" \/>\n\t<meta name=\"twitter:data1\" content=\"1 minute\" \/>\n<script type=\"application\/ld+json\" class=\"yoast-schema-graph\">{\"@context\":\"https:\/\/schema.org\",\"@graph\":[{\"@type\":\"WebPage\",\"@id\":\"https:\/\/groupwds.com\/proximo-proyectos\/\",\"url\":\"https:\/\/groupwds.com\/proximo-proyectos\/\",\"name\":\"Pr\u00f3ximo Proyectos - GroupWDS\",\"isPartOf\":{\"@id\":\"https:\/\/groupwds.com\/#website\"},\"primaryImageOfPage\":{\"@id\":\"https:\/\/groupwds.com\/proximo-proyectos\/#primaryimage\"},\"image\":{\"@id\":\"https:\/\/groupwds.com\/proximo-proyectos\/#primaryimage\"},\"thumbnailUrl\":\"https:\/\/groupwds.com\/wp-content\/uploads\/2025\/11\/Gemini_Generated_Image_x1up2hx1up2hx1up-1024x521.webp\",\"datePublished\":\"2025-12-08T01:13:47+00:00\",\"dateModified\":\"2026-02-08T01:31:23+00:00\",\"description\":\"Compartimos los pr\u00f3ximos proyectos en los que estamos trabajando. Nuevas ideas, desarrollos digitales y soluciones creativas pensadas para seguir potenciando marcas y negocios en el entorno digital.\",\"breadcrumb\":{\"@id\":\"https:\/\/groupwds.com\/proximo-proyectos\/#breadcrumb\"},\"inLanguage\":\"en-US\",\"potentialAction\":[{\"@type\":\"ReadAction\",\"target\":[\"https:\/\/groupwds.com\/proximo-proyectos\/\"]}]},{\"@type\":\"ImageObject\",\"inLanguage\":\"en-US\",\"@id\":\"https:\/\/groupwds.com\/proximo-proyectos\/#primaryimage\",\"url\":\"https:\/\/groupwds.com\/wp-content\/uploads\/2025\/11\/Gemini_Generated_Image_x1up2hx1up2hx1up-1024x521.webp\",\"contentUrl\":\"https:\/\/groupwds.com\/wp-content\/uploads\/2025\/11\/Gemini_Generated_Image_x1up2hx1up2hx1up-1024x521.webp\"},{\"@type\":\"BreadcrumbList\",\"@id\":\"https:\/\/groupwds.com\/proximo-proyectos\/#breadcrumb\",\"itemListElement\":[{\"@type\":\"ListItem\",\"position\":1,\"name\":\"Inicio\",\"item\":\"https:\/\/groupwds.com\/\"},{\"@type\":\"ListItem\",\"position\":2,\"name\":\"Pr\u00f3ximo Proyectos\"}]},{\"@type\":\"WebSite\",\"@id\":\"https:\/\/groupwds.com\/#website\",\"url\":\"https:\/\/groupwds.com\/\",\"name\":\"groupwds.com\",\"description\":\"Dise\u00f1o Web, Desarrollo y E-commerce\",\"publisher\":{\"@id\":\"https:\/\/groupwds.com\/#organization\"},\"potentialAction\":[{\"@type\":\"SearchAction\",\"target\":{\"@type\":\"EntryPoint\",\"urlTemplate\":\"https:\/\/groupwds.com\/?s={search_term_string}\"},\"query-input\":{\"@type\":\"PropertyValueSpecification\",\"valueRequired\":true,\"valueName\":\"search_term_string\"}}],\"inLanguage\":\"en-US\"},{\"@type\":\"Organization\",\"@id\":\"https:\/\/groupwds.com\/#organization\",\"name\":\"groupwds.com\",\"url\":\"https:\/\/groupwds.com\/\",\"logo\":{\"@type\":\"ImageObject\",\"inLanguage\":\"en-US\",\"@id\":\"https:\/\/groupwds.com\/#\/schema\/logo\/image\/\",\"url\":\"https:\/\/groupwds.com\/wp-content\/uploads\/2025\/09\/cropped-cropped-LOGO-LISTO.webp\",\"contentUrl\":\"https:\/\/groupwds.com\/wp-content\/uploads\/2025\/09\/cropped-cropped-LOGO-LISTO.webp\",\"width\":636,\"height\":300,\"caption\":\"groupwds.com\"},\"image\":{\"@id\":\"https:\/\/groupwds.com\/#\/schema\/logo\/image\/\"},\"sameAs\":[\"https:\/\/www.facebook.com\/people\/Groupwds\/61580548362219\/\",\"https:\/\/www.instagram.com\/groupwds\/\"]}]}<\/script>\n<!-- \/ Yoast SEO plugin. -->","yoast_head_json":{"title":"Pr\u00f3ximo Proyectos - GroupWDS","description":"Compartimos los pr\u00f3ximos proyectos en los que estamos trabajando. Nuevas ideas, desarrollos digitales y soluciones creativas pensadas para seguir potenciando marcas y negocios en el entorno digital.","robots":{"index":"index","follow":"follow","max-snippet":"max-snippet:-1","max-image-preview":"max-image-preview:large","max-video-preview":"max-video-preview:-1"},"canonical":"https:\/\/groupwds.com\/en\/proximo-proyectos\/","og_locale":"en_US","og_type":"article","og_title":"Pr\u00f3ximo Proyectos - GroupWDS","og_description":"Compartimos los pr\u00f3ximos proyectos en los que estamos trabajando. Nuevas ideas, desarrollos digitales y soluciones creativas pensadas para seguir potenciando marcas y negocios en el entorno digital.","og_url":"https:\/\/groupwds.com\/en\/proximo-proyectos\/","og_site_name":"GroupWDS","article_publisher":"https:\/\/www.facebook.com\/people\/Groupwds\/61580548362219\/","article_modified_time":"2026-02-08T01:31:23+00:00","og_image":[{"url":"https:\/\/groupwds.com\/wp-content\/uploads\/2025\/11\/Gemini_Generated_Image_x1up2hx1up2hx1up-1024x521.webp","type":"","width":"","height":""}],"twitter_card":"summary_large_image","twitter_misc":{"Est. reading time":"1 minute"},"schema":{"@context":"https:\/\/schema.org","@graph":[{"@type":"WebPage","@id":"https:\/\/groupwds.com\/proximo-proyectos\/","url":"https:\/\/groupwds.com\/proximo-proyectos\/","name":"Pr\u00f3ximo Proyectos - GroupWDS","isPartOf":{"@id":"https:\/\/groupwds.com\/#website"},"primaryImageOfPage":{"@id":"https:\/\/groupwds.com\/proximo-proyectos\/#primaryimage"},"image":{"@id":"https:\/\/groupwds.com\/proximo-proyectos\/#primaryimage"},"thumbnailUrl":"https:\/\/groupwds.com\/wp-content\/uploads\/2025\/11\/Gemini_Generated_Image_x1up2hx1up2hx1up-1024x521.webp","datePublished":"2025-12-08T01:13:47+00:00","dateModified":"2026-02-08T01:31:23+00:00","description":"Compartimos los pr\u00f3ximos proyectos en los que estamos trabajando. Nuevas ideas, desarrollos digitales y soluciones creativas pensadas para seguir potenciando marcas y negocios en el entorno digital.","breadcrumb":{"@id":"https:\/\/groupwds.com\/proximo-proyectos\/#breadcrumb"},"inLanguage":"en-US","potentialAction":[{"@type":"ReadAction","target":["https:\/\/groupwds.com\/proximo-proyectos\/"]}]},{"@type":"ImageObject","inLanguage":"en-US","@id":"https:\/\/groupwds.com\/proximo-proyectos\/#primaryimage","url":"https:\/\/groupwds.com\/wp-content\/uploads\/2025\/11\/Gemini_Generated_Image_x1up2hx1up2hx1up-1024x521.webp","contentUrl":"https:\/\/groupwds.com\/wp-content\/uploads\/2025\/11\/Gemini_Generated_Image_x1up2hx1up2hx1up-1024x521.webp"},{"@type":"BreadcrumbList","@id":"https:\/\/groupwds.com\/proximo-proyectos\/#breadcrumb","itemListElement":[{"@type":"ListItem","position":1,"name":"Inicio","item":"https:\/\/groupwds.com\/"},{"@type":"ListItem","position":2,"name":"Pr\u00f3ximo Proyectos"}]},{"@type":"WebSite","@id":"https:\/\/groupwds.com\/#website","url":"https:\/\/groupwds.com\/","name":"groupwds.com","description":"Dise\u00f1o Web, Desarrollo y E-commerce","publisher":{"@id":"https:\/\/groupwds.com\/#organization"},"potentialAction":[{"@type":"SearchAction","target":{"@type":"EntryPoint","urlTemplate":"https:\/\/groupwds.com\/?s={search_term_string}"},"query-input":{"@type":"PropertyValueSpecification","valueRequired":true,"valueName":"search_term_string"}}],"inLanguage":"en-US"},{"@type":"Organization","@id":"https:\/\/groupwds.com\/#organization","name":"groupwds.com","url":"https:\/\/groupwds.com\/","logo":{"@type":"ImageObject","inLanguage":"en-US","@id":"https:\/\/groupwds.com\/#\/schema\/logo\/image\/","url":"https:\/\/groupwds.com\/wp-content\/uploads\/2025\/09\/cropped-cropped-LOGO-LISTO.webp","contentUrl":"https:\/\/groupwds.com\/wp-content\/uploads\/2025\/09\/cropped-cropped-LOGO-LISTO.webp","width":636,"height":300,"caption":"groupwds.com"},"image":{"@id":"https:\/\/groupwds.com\/#\/schema\/logo\/image\/"},"sameAs":["https:\/\/www.facebook.com\/people\/Groupwds\/61580548362219\/","https:\/\/www.instagram.com\/groupwds\/"]}]}},"_links":{"self":[{"href":"https:\/\/groupwds.com\/en\/wp-json\/wp\/v2\/pages\/4662","targetHints":{"allow":["GET"]}}],"collection":[{"href":"https:\/\/groupwds.com\/en\/wp-json\/wp\/v2\/pages"}],"about":[{"href":"https:\/\/groupwds.com\/en\/wp-json\/wp\/v2\/types\/page"}],"author":[{"embeddable":true,"href":"https:\/\/groupwds.com\/en\/wp-json\/wp\/v2\/users\/1"}],"replies":[{"embeddable":true,"href":"https:\/\/groupwds.com\/en\/wp-json\/wp\/v2\/comments?post=4662"}],"version-history":[{"count":13,"href":"https:\/\/groupwds.com\/en\/wp-json\/wp\/v2\/pages\/4662\/revisions"}],"predecessor-version":[{"id":4677,"href":"https:\/\/groupwds.com\/en\/wp-json\/wp\/v2\/pages\/4662\/revisions\/4677"}],"wp:attachment":[{"href":"https:\/\/groupwds.com\/en\/wp-json\/wp\/v2\/media?parent=4662"}],"curies":[{"name":"wp","href":"https:\/\/api.w.org\/{rel}","templated":true}]}}