{"id":4790,"date":"2026-01-11T14:05:36","date_gmt":"2026-01-11T14:05:36","guid":{"rendered":"https:\/\/groupwds.com\/?page_id=4790"},"modified":"2026-01-11T14:33:51","modified_gmt":"2026-01-11T14:33:51","slug":"soporte-tecnico","status":"publish","type":"page","link":"https:\/\/groupwds.com\/en\/soporte-tecnico\/","title":{"rendered":"Soporte T\u00e9cnico"},"content":{"rendered":"<div data-elementor-type=\"wp-page\" data-elementor-id=\"4790\" class=\"elementor elementor-4790\" data-elementor-post-type=\"page\">\n\t\t\t\t<div class=\"elementor-element elementor-element-2a3b0c6 e-flex e-con-boxed e-con e-parent\" data-id=\"2a3b0c6\" data-element_type=\"container\" data-e-type=\"container\">\n\t\t\t\t\t<div class=\"e-con-inner\">\n\t\t\t\t<div class=\"elementor-element elementor-element-297d151 elementor-widget elementor-widget-spacer\" data-id=\"297d151\" data-element_type=\"widget\" data-e-type=\"widget\" data-widget_type=\"spacer.default\">\n\t\t\t\t<div class=\"elementor-widget-container\">\n\t\t\t\t\t\t\t<div class=\"elementor-spacer\">\n\t\t\t<div class=\"elementor-spacer-inner\"><\/div>\n\t\t<\/div>\n\t\t\t\t\t\t<\/div>\n\t\t\t\t<\/div>\n\t\t\t\t\t<\/div>\n\t\t\t\t<\/div>\n\t\t<div class=\"elementor-element elementor-element-c52bb5e e-flex e-con-boxed e-con e-parent\" data-id=\"c52bb5e\" data-element_type=\"container\" data-e-type=\"container\">\n\t\t\t\t\t<div class=\"e-con-inner\">\n\t\t\t\t<div class=\"elementor-element elementor-element-0cc9475 elementor-widget elementor-widget-heading\" data-id=\"0cc9475\" data-element_type=\"widget\" data-e-type=\"widget\" data-widget_type=\"heading.default\">\n\t\t\t\t<div class=\"elementor-widget-container\">\n\t\t\t\t\t<h2 class=\"elementor-heading-title elementor-size-default\">Soporte t\u00e9cnico<\/h2>\t\t\t\t<\/div>\n\t\t\t\t<\/div>\n\t\t\t\t\t<\/div>\n\t\t\t\t<\/div>\n\t\t<div class=\"elementor-element elementor-element-d7f1b83 e-flex e-con-boxed e-con e-parent\" data-id=\"d7f1b83\" data-element_type=\"container\" data-e-type=\"container\">\n\t\t\t\t\t<div class=\"e-con-inner\">\n\t\t\t\t<div class=\"elementor-element elementor-element-e5090e8 elementor-widget-divider--view-line elementor-widget elementor-widget-divider\" data-id=\"e5090e8\" data-element_type=\"widget\" data-e-type=\"widget\" data-widget_type=\"divider.default\">\n\t\t\t\t<div class=\"elementor-widget-container\">\n\t\t\t\t\t\t\t<div class=\"elementor-divider\">\n\t\t\t<span class=\"elementor-divider-separator\">\n\t\t\t\t\t\t<\/span>\n\t\t<\/div>\n\t\t\t\t\t\t<\/div>\n\t\t\t\t<\/div>\n\t\t\t\t\t<\/div>\n\t\t\t\t<\/div>\n\t\t<div class=\"elementor-element elementor-element-0ba12bd e-flex e-con-boxed e-con e-parent\" data-id=\"0ba12bd\" data-element_type=\"container\" data-e-type=\"container\">\n\t\t\t\t\t<div class=\"e-con-inner\">\n\t\t<div class=\"elementor-element elementor-element-b9ab052 e-con-full e-flex e-con e-child\" data-id=\"b9ab052\" data-element_type=\"container\" data-e-type=\"container\">\n\t\t<div class=\"elementor-element elementor-element-e6168e4 e-con-full e-flex e-con e-child\" data-id=\"e6168e4\" data-element_type=\"container\" data-e-type=\"container\">\n\t\t\t\t<div class=\"elementor-element elementor-element-1d21839 elementor-widget elementor-widget-text-editor\" data-id=\"1d21839\" data-element_type=\"widget\" data-e-type=\"widget\" data-widget_type=\"text-editor.default\">\n\t\t\t\t<div class=\"elementor-widget-container\">\n\t\t\t\t\t\t\t\t\t<p data-start=\"247\" data-end=\"550\">En GroupWDS brindamos un soporte t\u00e9cnico integral y confiable, enfocado en mantener tu sitio web y tus herramientas digitales funcionando de forma \u00f3ptima, segura y actualizada en todo momento. Nuestro objetivo es que puedas enfocarte en tu negocio mientras nosotros nos ocupamos del aspecto t\u00e9cnico.<\/p><p data-start=\"552\" data-end=\"723\">Acompa\u00f1amos a nuestros clientes antes, durante y despu\u00e9s del lanzamiento de cada proyecto, ofreciendo soluciones r\u00e1pidas, claras y eficientes ante cualquier inconveniente.<\/p>\t\t\t\t\t\t\t\t<\/div>\n\t\t\t\t<\/div>\n\t\t\t\t<div class=\"elementor-element elementor-element-1b17624 elementor-widget elementor-widget-heading\" data-id=\"1b17624\" data-element_type=\"widget\" data-e-type=\"widget\" data-widget_type=\"heading.default\">\n\t\t\t\t<div class=\"elementor-widget-container\">\n\t\t\t\t\t<h2 class=\"elementor-heading-title elementor-size-default\">\u00bfQu\u00e9 incluye nuestro soporte t\u00e9cnico?<\/h2>\t\t\t\t<\/div>\n\t\t\t\t<\/div>\n\t\t\t\t<div class=\"elementor-element elementor-element-48218e3 elementor-widget-divider--view-line elementor-widget elementor-widget-divider\" data-id=\"48218e3\" data-element_type=\"widget\" data-e-type=\"widget\" data-widget_type=\"divider.default\">\n\t\t\t\t<div class=\"elementor-widget-container\">\n\t\t\t\t\t\t\t<div class=\"elementor-divider\">\n\t\t\t<span class=\"elementor-divider-separator\">\n\t\t\t\t\t\t<\/span>\n\t\t<\/div>\n\t\t\t\t\t\t<\/div>\n\t\t\t\t<\/div>\n\t\t\t\t<\/div>\n\t\t<div class=\"elementor-element elementor-element-38c416a e-con-full e-flex e-con e-child\" data-id=\"38c416a\" data-element_type=\"container\" data-e-type=\"container\">\n\t\t\t\t<div class=\"elementor-element elementor-element-1623854 elementor-widget elementor-widget-text-editor\" data-id=\"1623854\" data-element_type=\"widget\" data-e-type=\"widget\" data-widget_type=\"text-editor.default\">\n\t\t\t\t<div class=\"elementor-widget-container\">\n\t\t\t\t\t\t\t\t\t<p><strong data-start=\"773\" data-end=\"803\">Mantenimiento web continuo<\/strong><br data-start=\"803\" data-end=\"806\" \/>Supervisamos el correcto funcionamiento de tu sitio, realizamos actualizaciones t\u00e9cnicas, mejoras de rendimiento y ajustes necesarios para garantizar estabilidad y velocidad.<\/p>\t\t\t\t\t\t\t\t<\/div>\n\t\t\t\t<\/div>\n\t\t\t\t<div class=\"elementor-element elementor-element-e725ad8 elementor-widget elementor-widget-text-editor\" data-id=\"e725ad8\" data-element_type=\"widget\" data-e-type=\"widget\" data-widget_type=\"text-editor.default\">\n\t\t\t\t<div class=\"elementor-widget-container\">\n\t\t\t\t\t\t\t\t\t<p><strong data-start=\"982\" data-end=\"1016\">Resoluci\u00f3n de errores y fallas<\/strong><br data-start=\"1016\" data-end=\"1019\" \/>Detectamos y solucionamos errores t\u00e9cnicos, problemas de visualizaci\u00f3n, ca\u00eddas del sitio o conflictos con plugins, temas o integraciones externas.<\/p>\t\t\t\t\t\t\t\t<\/div>\n\t\t\t\t<\/div>\n\t\t\t\t<\/div>\n\t\t<div class=\"elementor-element elementor-element-fc8a4d8 e-con-full e-flex e-con e-child\" data-id=\"fc8a4d8\" data-element_type=\"container\" data-e-type=\"container\">\n\t\t\t\t<div class=\"elementor-element elementor-element-9bad505 elementor-widget elementor-widget-text-editor\" data-id=\"9bad505\" data-element_type=\"widget\" data-e-type=\"widget\" data-widget_type=\"text-editor.default\">\n\t\t\t\t<div class=\"elementor-widget-container\">\n\t\t\t\t\t\t\t\t\t<p><strong data-start=\"1167\" data-end=\"1197\">Soporte en WordPress y CMS<\/strong><br data-start=\"1197\" data-end=\"1200\" \/>Asistencia especializada en WordPress y otros gestores de contenido: configuraci\u00f3n, optimizaci\u00f3n, seguridad y mejoras funcionales.<\/p>\t\t\t\t\t\t\t\t<\/div>\n\t\t\t\t<\/div>\n\t\t\t\t<\/div>\n\t\t<div class=\"elementor-element elementor-element-b06d612 e-con-full e-flex e-con e-child\" data-id=\"b06d612\" data-element_type=\"container\" data-e-type=\"container\">\n\t\t\t\t<div class=\"elementor-element elementor-element-611fc21 elementor-widget elementor-widget-text-editor\" data-id=\"611fc21\" data-element_type=\"widget\" data-e-type=\"widget\" data-widget_type=\"text-editor.default\">\n\t\t\t\t<div class=\"elementor-widget-container\">\n\t\t\t\t\t\t\t\t\t<p><strong data-start=\"1332\" data-end=\"1358\">Seguridad y protecci\u00f3n<\/strong><br data-start=\"1358\" data-end=\"1361\" \/>Implementamos medidas de seguridad para proteger tu sitio contra ataques, malware y accesos no autorizados, incluyendo copias de seguridad peri\u00f3dicas.<\/p>\t\t\t\t\t\t\t\t<\/div>\n\t\t\t\t<\/div>\n\t\t\t\t<\/div>\n\t\t<div class=\"elementor-element elementor-element-930cf04 e-con-full e-flex e-con e-child\" data-id=\"930cf04\" data-element_type=\"container\" data-e-type=\"container\">\n\t\t\t\t<div class=\"elementor-element elementor-element-4fc9230 elementor-widget elementor-widget-text-editor\" data-id=\"4fc9230\" data-element_type=\"widget\" data-e-type=\"widget\" data-widget_type=\"text-editor.default\">\n\t\t\t\t<div class=\"elementor-widget-container\">\n\t\t\t\t\t\t\t\t\t<p><strong data-start=\"1513\" data-end=\"1543\">Optimizaci\u00f3n y rendimiento<\/strong><br data-start=\"1543\" data-end=\"1546\" \/>Mejoramos tiempos de carga, experiencia de usuario y rendimiento general para asegurar un sitio r\u00e1pido y eficiente en todos los dispositivos.<\/p>\t\t\t\t\t\t\t\t<\/div>\n\t\t\t\t<\/div>\n\t\t\t\t<\/div>\n\t\t<div class=\"elementor-element elementor-element-96046d1 e-con-full e-flex e-con e-child\" data-id=\"96046d1\" data-element_type=\"container\" data-e-type=\"container\">\n\t\t\t\t<div class=\"elementor-element elementor-element-3a6ad67 elementor-widget elementor-widget-text-editor\" data-id=\"3a6ad67\" data-element_type=\"widget\" data-e-type=\"widget\" data-widget_type=\"text-editor.default\">\n\t\t\t\t<div class=\"elementor-widget-container\">\n\t\t\t\t\t\t\t\t\t<p><strong data-start=\"1689\" data-end=\"1714\">Soporte personalizado<\/strong><br data-start=\"1714\" data-end=\"1717\" \/>Cada cliente cuenta con atenci\u00f3n directa y soluciones adaptadas a sus necesidades espec\u00edficas, sin respuestas gen\u00e9ricas ni procesos automatizados.<\/p>\t\t\t\t\t\t\t\t<\/div>\n\t\t\t\t<\/div>\n\t\t\t\t<\/div>\n\t\t<div class=\"elementor-element elementor-element-1eda6ab e-con-full e-flex e-con e-child\" data-id=\"1eda6ab\" data-element_type=\"container\" data-e-type=\"container\">\n\t\t\t\t<div class=\"elementor-element elementor-element-c3c1e83 elementor-widget elementor-widget-spacer\" data-id=\"c3c1e83\" data-element_type=\"widget\" data-e-type=\"widget\" data-widget_type=\"spacer.default\">\n\t\t\t\t<div class=\"elementor-widget-container\">\n\t\t\t\t\t\t\t<div class=\"elementor-spacer\">\n\t\t\t<div class=\"elementor-spacer-inner\"><\/div>\n\t\t<\/div>\n\t\t\t\t\t\t<\/div>\n\t\t\t\t<\/div>\n\t\t\t\t<\/div>\n\t\t<div class=\"elementor-element elementor-element-6545250 e-con-full e-flex e-con e-child\" data-id=\"6545250\" data-element_type=\"container\" data-e-type=\"container\">\n\t\t\t\t<div class=\"elementor-element elementor-element-3d2f31f elementor-widget elementor-widget-heading\" data-id=\"3d2f31f\" data-element_type=\"widget\" data-e-type=\"widget\" data-widget_type=\"heading.default\">\n\t\t\t\t<div class=\"elementor-widget-container\">\n\t\t\t\t\t<h2 class=\"elementor-heading-title elementor-size-default\">Nuestro compromiso<\/h2>\t\t\t\t<\/div>\n\t\t\t\t<\/div>\n\t\t\t\t<\/div>\n\t\t\t\t<div class=\"elementor-element elementor-element-9c3cd63 elementor-widget-divider--view-line elementor-widget elementor-widget-divider\" data-id=\"9c3cd63\" data-element_type=\"widget\" data-e-type=\"widget\" data-widget_type=\"divider.default\">\n\t\t\t\t<div class=\"elementor-widget-container\">\n\t\t\t\t\t\t\t<div class=\"elementor-divider\">\n\t\t\t<span class=\"elementor-divider-separator\">\n\t\t\t\t\t\t<\/span>\n\t\t<\/div>\n\t\t\t\t\t\t<\/div>\n\t\t\t\t<\/div>\n\t\t<div class=\"elementor-element elementor-element-90fdba0 e-con-full e-flex e-con e-child\" data-id=\"90fdba0\" data-element_type=\"container\" data-e-type=\"container\">\n\t\t\t\t<div class=\"elementor-element elementor-element-75deace elementor-widget elementor-widget-text-editor\" data-id=\"75deace\" data-element_type=\"widget\" data-e-type=\"widget\" data-widget_type=\"text-editor.default\">\n\t\t\t\t<div class=\"elementor-widget-container\">\n\t\t\t\t\t\t\t\t\t<p>En GroupWDS creemos que el soporte t\u00e9cnico es parte fundamental del \u00e9xito digital. Por eso ofrecemos un servicio cercano, profesional y orientado a resultados, con respuestas claras y tiempos de atenci\u00f3n eficientes.<\/p>\t\t\t\t\t\t\t\t<\/div>\n\t\t\t\t<\/div>\n\t\t\t\t<\/div>\n\t\t\t\t<\/div>\n\t\t\t\t\t<\/div>\n\t\t\t\t<\/div>\n\t\t\t\t<\/div>","protected":false},"excerpt":{"rendered":"<p>Soporte t\u00e9cnico En GroupWDS brindamos un soporte t\u00e9cnico integral y confiable, enfocado en mantener tu sitio web y tus herramientas digitales funcionando de forma \u00f3ptima, segura y actualizada en todo momento. Nuestro objetivo es que puedas enfocarte en tu negocio mientras nosotros nos ocupamos del aspecto t\u00e9cnico. Acompa\u00f1amos a nuestros clientes antes, durante y despu\u00e9s [&hellip;]<\/p>\n","protected":false},"author":1,"featured_media":0,"parent":0,"menu_order":0,"comment_status":"closed","ping_status":"closed","template":"","meta":{"site-sidebar-layout":"no-sidebar","site-content-layout":"page-builder","ast-site-content-layout":"full-width-container","site-content-style":"default","site-sidebar-style":"default","ast-global-header-display":"","ast-banner-title-visibility":"","ast-main-header-display":"","ast-hfb-above-header-display":"","ast-hfb-below-header-display":"","ast-hfb-mobile-header-display":"","site-post-title":"disabled","ast-breadcrumbs-content":"","ast-featured-img":"disabled","footer-sml-layout":"","ast-disable-related-posts":"","theme-transparent-header-meta":"","adv-header-id-meta":"","stick-header-meta":"","header-above-stick-meta":"","header-main-stick-meta":"","header-below-stick-meta":"","astra-migrate-meta-layouts":"set","ast-page-background-enabled":"default","ast-page-background-meta":{"desktop":{"background-color":"","background-image":"","background-repeat":"repeat","background-position":"center center","background-size":"auto","background-attachment":"scroll","background-type":"","background-media":"","overlay-type":"","overlay-color":"","overlay-opacity":"","overlay-gradient":""},"tablet":{"background-color":"","background-image":"","background-repeat":"repeat","background-position":"center center","background-size":"auto","background-attachment":"scroll","background-type":"","background-media":"","overlay-type":"","overlay-color":"","overlay-opacity":"","overlay-gradient":""},"mobile":{"background-color":"","background-image":"","background-repeat":"repeat","background-position":"center center","background-size":"auto","background-attachment":"scroll","background-type":"","background-media":"","overlay-type":"","overlay-color":"","overlay-opacity":"","overlay-gradient":""}},"ast-content-background-meta":{"desktop":{"background-color":"var(--ast-global-color-5)","background-image":"","background-repeat":"repeat","background-position":"center center","background-size":"auto","background-attachment":"scroll","background-type":"","background-media":"","overlay-type":"","overlay-color":"","overlay-opacity":"","overlay-gradient":""},"tablet":{"background-color":"var(--ast-global-color-5)","background-image":"","background-repeat":"repeat","background-position":"center center","background-size":"auto","background-attachment":"scroll","background-type":"","background-media":"","overlay-type":"","overlay-color":"","overlay-opacity":"","overlay-gradient":""},"mobile":{"background-color":"var(--ast-global-color-5)","background-image":"","background-repeat":"repeat","background-position":"center center","background-size":"auto","background-attachment":"scroll","background-type":"","background-media":"","overlay-type":"","overlay-color":"","overlay-opacity":"","overlay-gradient":""}},"footnotes":""},"class_list":["post-4790","page","type-page","status-publish","hentry"],"yoast_head":"<!-- This site is optimized with the Yoast SEO plugin v27.2 - https:\/\/yoast.com\/product\/yoast-seo-wordpress\/ -->\n<title>Soporte T\u00e9cnico - GroupWDS<\/title>\n<meta name=\"description\" content=\"Soporte t\u00e9cnico web profesional. Mantenimiento, seguridad y optimizaci\u00f3n para sitios r\u00e1pidos, estables y siempre actualizados.\" \/>\n<meta name=\"robots\" content=\"index, follow, max-snippet:-1, max-image-preview:large, max-video-preview:-1\" \/>\n<link rel=\"canonical\" href=\"https:\/\/groupwds.com\/en\/soporte-tecnico\/\" \/>\n<meta property=\"og:locale\" content=\"en_US\" \/>\n<meta property=\"og:type\" content=\"article\" \/>\n<meta property=\"og:title\" content=\"Soporte T\u00e9cnico - GroupWDS\" \/>\n<meta property=\"og:description\" content=\"Soporte t\u00e9cnico web profesional. Mantenimiento, seguridad y optimizaci\u00f3n para sitios r\u00e1pidos, estables y siempre actualizados.\" \/>\n<meta property=\"og:url\" content=\"https:\/\/groupwds.com\/en\/soporte-tecnico\/\" \/>\n<meta property=\"og:site_name\" content=\"GroupWDS\" \/>\n<meta property=\"article:publisher\" content=\"https:\/\/www.facebook.com\/people\/Groupwds\/61580548362219\/\" \/>\n<meta property=\"article:modified_time\" content=\"2026-01-11T14:33:51+00:00\" \/>\n<meta name=\"twitter:card\" content=\"summary_large_image\" \/>\n<meta name=\"twitter:label1\" content=\"Est. reading time\" \/>\n\t<meta name=\"twitter:data1\" content=\"2 minutes\" \/>\n<script type=\"application\/ld+json\" class=\"yoast-schema-graph\">{\"@context\":\"https:\/\/schema.org\",\"@graph\":[{\"@type\":\"WebPage\",\"@id\":\"https:\/\/groupwds.com\/soporte-tecnico\/\",\"url\":\"https:\/\/groupwds.com\/soporte-tecnico\/\",\"name\":\"Soporte T\u00e9cnico - GroupWDS\",\"isPartOf\":{\"@id\":\"https:\/\/groupwds.com\/#website\"},\"datePublished\":\"2026-01-11T14:05:36+00:00\",\"dateModified\":\"2026-01-11T14:33:51+00:00\",\"description\":\"Soporte t\u00e9cnico web profesional. Mantenimiento, seguridad y optimizaci\u00f3n para sitios r\u00e1pidos, estables y siempre actualizados.\",\"breadcrumb\":{\"@id\":\"https:\/\/groupwds.com\/soporte-tecnico\/#breadcrumb\"},\"inLanguage\":\"en-US\",\"potentialAction\":[{\"@type\":\"ReadAction\",\"target\":[\"https:\/\/groupwds.com\/soporte-tecnico\/\"]}]},{\"@type\":\"BreadcrumbList\",\"@id\":\"https:\/\/groupwds.com\/soporte-tecnico\/#breadcrumb\",\"itemListElement\":[{\"@type\":\"ListItem\",\"position\":1,\"name\":\"Inicio\",\"item\":\"https:\/\/groupwds.com\/\"},{\"@type\":\"ListItem\",\"position\":2,\"name\":\"Soporte T\u00e9cnico\"}]},{\"@type\":\"WebSite\",\"@id\":\"https:\/\/groupwds.com\/#website\",\"url\":\"https:\/\/groupwds.com\/\",\"name\":\"groupwds.com\",\"description\":\"Dise\u00f1o Web, Desarrollo y E-commerce\",\"publisher\":{\"@id\":\"https:\/\/groupwds.com\/#organization\"},\"potentialAction\":[{\"@type\":\"SearchAction\",\"target\":{\"@type\":\"EntryPoint\",\"urlTemplate\":\"https:\/\/groupwds.com\/?s={search_term_string}\"},\"query-input\":{\"@type\":\"PropertyValueSpecification\",\"valueRequired\":true,\"valueName\":\"search_term_string\"}}],\"inLanguage\":\"en-US\"},{\"@type\":\"Organization\",\"@id\":\"https:\/\/groupwds.com\/#organization\",\"name\":\"groupwds.com\",\"url\":\"https:\/\/groupwds.com\/\",\"logo\":{\"@type\":\"ImageObject\",\"inLanguage\":\"en-US\",\"@id\":\"https:\/\/groupwds.com\/#\/schema\/logo\/image\/\",\"url\":\"https:\/\/groupwds.com\/wp-content\/uploads\/2025\/09\/cropped-cropped-LOGO-LISTO.webp\",\"contentUrl\":\"https:\/\/groupwds.com\/wp-content\/uploads\/2025\/09\/cropped-cropped-LOGO-LISTO.webp\",\"width\":636,\"height\":300,\"caption\":\"groupwds.com\"},\"image\":{\"@id\":\"https:\/\/groupwds.com\/#\/schema\/logo\/image\/\"},\"sameAs\":[\"https:\/\/www.facebook.com\/people\/Groupwds\/61580548362219\/\",\"https:\/\/www.instagram.com\/groupwds\/\"]}]}<\/script>\n<!-- \/ Yoast SEO plugin. -->","yoast_head_json":{"title":"Soporte T\u00e9cnico - GroupWDS","description":"Soporte t\u00e9cnico web profesional. Mantenimiento, seguridad y optimizaci\u00f3n para sitios r\u00e1pidos, estables y siempre actualizados.","robots":{"index":"index","follow":"follow","max-snippet":"max-snippet:-1","max-image-preview":"max-image-preview:large","max-video-preview":"max-video-preview:-1"},"canonical":"https:\/\/groupwds.com\/en\/soporte-tecnico\/","og_locale":"en_US","og_type":"article","og_title":"Soporte T\u00e9cnico - GroupWDS","og_description":"Soporte t\u00e9cnico web profesional. Mantenimiento, seguridad y optimizaci\u00f3n para sitios r\u00e1pidos, estables y siempre actualizados.","og_url":"https:\/\/groupwds.com\/en\/soporte-tecnico\/","og_site_name":"GroupWDS","article_publisher":"https:\/\/www.facebook.com\/people\/Groupwds\/61580548362219\/","article_modified_time":"2026-01-11T14:33:51+00:00","twitter_card":"summary_large_image","twitter_misc":{"Est. reading time":"2 minutes"},"schema":{"@context":"https:\/\/schema.org","@graph":[{"@type":"WebPage","@id":"https:\/\/groupwds.com\/soporte-tecnico\/","url":"https:\/\/groupwds.com\/soporte-tecnico\/","name":"Soporte T\u00e9cnico - GroupWDS","isPartOf":{"@id":"https:\/\/groupwds.com\/#website"},"datePublished":"2026-01-11T14:05:36+00:00","dateModified":"2026-01-11T14:33:51+00:00","description":"Soporte t\u00e9cnico web profesional. Mantenimiento, seguridad y optimizaci\u00f3n para sitios r\u00e1pidos, estables y siempre actualizados.","breadcrumb":{"@id":"https:\/\/groupwds.com\/soporte-tecnico\/#breadcrumb"},"inLanguage":"en-US","potentialAction":[{"@type":"ReadAction","target":["https:\/\/groupwds.com\/soporte-tecnico\/"]}]},{"@type":"BreadcrumbList","@id":"https:\/\/groupwds.com\/soporte-tecnico\/#breadcrumb","itemListElement":[{"@type":"ListItem","position":1,"name":"Inicio","item":"https:\/\/groupwds.com\/"},{"@type":"ListItem","position":2,"name":"Soporte T\u00e9cnico"}]},{"@type":"WebSite","@id":"https:\/\/groupwds.com\/#website","url":"https:\/\/groupwds.com\/","name":"groupwds.com","description":"Dise\u00f1o Web, Desarrollo y E-commerce","publisher":{"@id":"https:\/\/groupwds.com\/#organization"},"potentialAction":[{"@type":"SearchAction","target":{"@type":"EntryPoint","urlTemplate":"https:\/\/groupwds.com\/?s={search_term_string}"},"query-input":{"@type":"PropertyValueSpecification","valueRequired":true,"valueName":"search_term_string"}}],"inLanguage":"en-US"},{"@type":"Organization","@id":"https:\/\/groupwds.com\/#organization","name":"groupwds.com","url":"https:\/\/groupwds.com\/","logo":{"@type":"ImageObject","inLanguage":"en-US","@id":"https:\/\/groupwds.com\/#\/schema\/logo\/image\/","url":"https:\/\/groupwds.com\/wp-content\/uploads\/2025\/09\/cropped-cropped-LOGO-LISTO.webp","contentUrl":"https:\/\/groupwds.com\/wp-content\/uploads\/2025\/09\/cropped-cropped-LOGO-LISTO.webp","width":636,"height":300,"caption":"groupwds.com"},"image":{"@id":"https:\/\/groupwds.com\/#\/schema\/logo\/image\/"},"sameAs":["https:\/\/www.facebook.com\/people\/Groupwds\/61580548362219\/","https:\/\/www.instagram.com\/groupwds\/"]}]}},"_links":{"self":[{"href":"https:\/\/groupwds.com\/en\/wp-json\/wp\/v2\/pages\/4790","targetHints":{"allow":["GET"]}}],"collection":[{"href":"https:\/\/groupwds.com\/en\/wp-json\/wp\/v2\/pages"}],"about":[{"href":"https:\/\/groupwds.com\/en\/wp-json\/wp\/v2\/types\/page"}],"author":[{"embeddable":true,"href":"https:\/\/groupwds.com\/en\/wp-json\/wp\/v2\/users\/1"}],"replies":[{"embeddable":true,"href":"https:\/\/groupwds.com\/en\/wp-json\/wp\/v2\/comments?post=4790"}],"version-history":[{"count":10,"href":"https:\/\/groupwds.com\/en\/wp-json\/wp\/v2\/pages\/4790\/revisions"}],"predecessor-version":[{"id":4802,"href":"https:\/\/groupwds.com\/en\/wp-json\/wp\/v2\/pages\/4790\/revisions\/4802"}],"wp:attachment":[{"href":"https:\/\/groupwds.com\/en\/wp-json\/wp\/v2\/media?parent=4790"}],"curies":[{"name":"wp","href":"https:\/\/api.w.org\/{rel}","templated":true}]}}